{"id":19,"date":"2019-08-29T16:30:42","date_gmt":"2019-08-29T16:30:42","guid":{"rendered":"https:\/\/themes.pixelwars.org\/ikonik\/demo-01\/?page_id=19"},"modified":"2024-11-21T17:21:53","modified_gmt":"2024-11-21T16:21:53","slug":"about-me","status":"publish","type":"page","link":"https:\/\/juanjoalonso.es\/?page_id=19","title":{"rendered":"Sobre mi"},"content":{"rendered":"\t\t<div data-elementor-type=\"wp-page\" data-elementor-id=\"19\" class=\"elementor elementor-19\" data-elementor-post-type=\"page\">\n\t\t\t\t\t\t<section class=\"elementor-section elementor-top-section elementor-element elementor-element-03fb335 elementor-section-boxed elementor-section-height-default elementor-section-height-default\" data-id=\"03fb335\" data-element_type=\"section\" data-e-type=\"section\" data-settings=\"{&quot;background_background&quot;:&quot;classic&quot;}\">\n\t\t\t\t\t\t<div class=\"elementor-container elementor-column-gap-wide\">\n\t\t\t\t\t<div class=\"elementor-column elementor-col-50 elementor-top-column elementor-element elementor-element-ad0d703\" data-id=\"ad0d703\" data-element_type=\"column\" data-e-type=\"column\">\n\t\t\t<div class=\"elementor-widget-wrap elementor-element-populated\">\n\t\t\t\t\t\t<div class=\"elementor-element elementor-element-160765f elementor-widget elementor-widget-image\" data-id=\"160765f\" data-element_type=\"widget\" data-e-type=\"widget\" data-widget_type=\"image.default\">\n\t\t\t\t<div class=\"elementor-widget-container\">\n\t\t\t\t\t\t\t\t\t\t\t\t\t\t\t<img decoding=\"async\" src=\"https:\/\/juanjoalonso.es\/wp-content\/uploads\/2024\/11\/IMG_2075-e1732206054931.jpg\" title=\"IMG_2075\" alt=\"IMG_2075\" loading=\"lazy\" \/>\t\t\t\t\t\t\t\t\t\t\t\t\t\t\t<\/div>\n\t\t\t\t<\/div>\n\t\t\t\t\t<\/div>\n\t\t<\/div>\n\t\t\t\t<div class=\"elementor-column elementor-col-50 elementor-top-column elementor-element elementor-element-45be004\" data-id=\"45be004\" data-element_type=\"column\" data-e-type=\"column\">\n\t\t\t<div class=\"elementor-widget-wrap elementor-element-populated\">\n\t\t\t\t\t\t<div class=\"elementor-element elementor-element-a1c70e1 elementor-widget elementor-widget-heading\" data-id=\"a1c70e1\" data-element_type=\"widget\" data-e-type=\"widget\" data-widget_type=\"heading.default\">\n\t\t\t\t<div class=\"elementor-widget-container\">\n\t\t\t\t\t<h2 class=\"elementor-heading-title elementor-size-default\">Desde peque\u00f1o, la <strong>inform\u00e1tica<\/strong> ha sido mi pasi\u00f3n. Empec\u00e9 de forma autodidacta y m\u00e1s tarde me form\u00e9 en un <strong>Ciclo Superior en Inform\u00e1tica y Telecomunicaciones<\/strong>, que termin\u00e9 en 2010. Durante cinco a\u00f1os gestion\u00e9 mi propia <strong>tienda inform\u00e1tica<\/strong>, experiencia que me permiti\u00f3 entender las necesidades reales de los clientes. Posteriormente, me sumerg\u00ed en el sector de las <strong>telecomunicaciones<\/strong>, creando un <strong>OMV y WISP<\/strong>, proyectos que culminaron con su compra por parte de una gran operadora. Hoy, con a\u00f1os de experiencia, vuelvo a emprender para ofrecer <strong>soluciones r\u00e1pidas, efectivas y personalizadas<\/strong> a empresas y aut\u00f3nomos.<\/h2>\t\t\t\t<\/div>\n\t\t\t\t<\/div>\n\t\t\t\t\t<\/div>\n\t\t<\/div>\n\t\t\t\t\t<\/div>\n\t\t<\/section>\n\t\t\t\t<section class=\"elementor-section elementor-top-section elementor-element elementor-element-62a54e65 elementor-section-boxed elementor-section-height-default elementor-section-height-default\" data-id=\"62a54e65\" data-element_type=\"section\" data-e-type=\"section\">\n\t\t\t\t\t\t<div class=\"elementor-container elementor-column-gap-default\">\n\t\t\t\t\t<div class=\"elementor-column elementor-col-100 elementor-top-column elementor-element elementor-element-72fbc3e1\" data-id=\"72fbc3e1\" data-element_type=\"column\" data-e-type=\"column\">\n\t\t\t<div class=\"elementor-widget-wrap elementor-element-populated\">\n\t\t\t\t\t\t<div class=\"elementor-element elementor-element-60c78ce elementor-widget elementor-widget-wp-widget-pixelwars_core_widget__section_title\" data-id=\"60c78ce\" data-element_type=\"widget\" data-e-type=\"widget\" data-widget_type=\"wp-widget-pixelwars_core_widget__section_title.default\">\n\t\t\t\t<div class=\"elementor-widget-container\">\n\t\t\t\t\t\t\t\t\t\t\t<div class=\"section-title center\">    \n\t\t\t\t\t\t\t<h2>\n\t\t\t\t\t\t\t\t<i>Servicios<\/i>\n\t\t\t\t\t\t\t<\/h2>\n\t\t\t\t\t\t<\/div> <!-- .section-title -->\n\t\t\t\t\t\t\t\t\t<\/div>\n\t\t\t\t<\/div>\n\t\t\t\t\t<\/div>\n\t\t<\/div>\n\t\t\t\t\t<\/div>\n\t\t<\/section>\n\t\t\t\t<section class=\"elementor-section elementor-top-section elementor-element elementor-element-21f8fc0a elementor-section-boxed elementor-section-height-default elementor-section-height-default\" data-id=\"21f8fc0a\" data-element_type=\"section\" data-e-type=\"section\">\n\t\t\t\t\t\t<div class=\"elementor-container elementor-column-gap-extended\">\n\t\t\t\t\t<div class=\"elementor-column elementor-col-25 elementor-top-column elementor-element elementor-element-424512d\" data-id=\"424512d\" data-element_type=\"column\" data-e-type=\"column\">\n\t\t\t<div class=\"elementor-widget-wrap elementor-element-populated\">\n\t\t\t\t\t\t<div class=\"elementor-element elementor-element-361ff894 elementor-widget elementor-widget-wp-widget-pixelwars_core_widget__service\" data-id=\"361ff894\" data-element_type=\"widget\" data-e-type=\"widget\" data-widget_type=\"wp-widget-pixelwars_core_widget__service.default\">\n\t\t\t\t<div class=\"elementor-widget-container\">\n\t\t\t\t\t\t\t\t\t\t\t<div class=\"service\">\n\t\t\t\t\t\t\t\t\t\t\t\t\t\t\t\t\t<img decoding=\"async\" alt=\"Mantenimiento y Reparaci\u00f3n de Equipos\" src=\"https:\/\/juanjoalonso.es\/wp-content\/uploads\/2019\/09\/process-04-1.svg\">\n\t\t\t\t\t\t\t\t\t\t\t\t\t\t\t\t\t\t\t\t\t\t\t\t\t\t<h4>Mantenimiento y Reparaci\u00f3n de Equipos<\/h4>\n\t\t\t\t\t\t\t\t\t\t\t\t\t\t\t\t\t\t\t\t\t\t\t\t\t\t<p>Me encargo de que tu infraestructura tecnol\u00f3gica funcione sin problemas. Desde reparaciones r\u00e1pidas hasta instalaciones completas, todo adaptado a tus necesidades.<\/p>\n\t\t\t\t\t\t\t\t\t\t\t\t\t\t\t<\/div> <!-- .service -->\n\t\t\t\t\t\t\t\t\t<\/div>\n\t\t\t\t<\/div>\n\t\t\t\t\t<\/div>\n\t\t<\/div>\n\t\t\t\t<div class=\"elementor-column elementor-col-25 elementor-top-column elementor-element elementor-element-8ff78b3\" data-id=\"8ff78b3\" data-element_type=\"column\" data-e-type=\"column\">\n\t\t\t<div class=\"elementor-widget-wrap elementor-element-populated\">\n\t\t\t\t\t\t<div class=\"elementor-element elementor-element-7098bb5c elementor-widget elementor-widget-wp-widget-pixelwars_core_widget__service\" data-id=\"7098bb5c\" data-element_type=\"widget\" data-e-type=\"widget\" data-widget_type=\"wp-widget-pixelwars_core_widget__service.default\">\n\t\t\t\t<div class=\"elementor-widget-container\">\n\t\t\t\t\t\t\t\t\t\t\t<div class=\"service\">\n\t\t\t\t\t\t\t\t\t\t\t\t\t\t\t\t\t<img decoding=\"async\" alt=\"Instalaci\u00f3n de Redes y Equipos\" src=\"https:\/\/juanjoalonso.es\/wp-content\/uploads\/2019\/09\/service-03-1.svg\">\n\t\t\t\t\t\t\t\t\t\t\t\t\t\t\t\t\t\t\t\t\t\t\t\t\t\t<h4>Instalaci\u00f3n de Redes y Equipos<\/h4>\n\t\t\t\t\t\t\t\t\t\t\t\t\t\t\t\t\t\t\t\t\t\t\t\t\t\t<p>Dise\u00f1o e implemento redes eficientes y equipos que optimicen tu negocio, asegurando una conectividad estable y de calidad.<\/p>\n\t\t\t\t\t\t\t\t\t\t\t\t\t\t\t<\/div> <!-- .service -->\n\t\t\t\t\t\t\t\t\t<\/div>\n\t\t\t\t<\/div>\n\t\t\t\t\t<\/div>\n\t\t<\/div>\n\t\t\t\t<div class=\"elementor-column elementor-col-25 elementor-top-column elementor-element elementor-element-0b840e0\" data-id=\"0b840e0\" data-element_type=\"column\" data-e-type=\"column\">\n\t\t\t<div class=\"elementor-widget-wrap elementor-element-populated\">\n\t\t\t\t\t\t<div class=\"elementor-element elementor-element-7502e26b elementor-widget elementor-widget-wp-widget-pixelwars_core_widget__service\" data-id=\"7502e26b\" data-element_type=\"widget\" data-e-type=\"widget\" data-widget_type=\"wp-widget-pixelwars_core_widget__service.default\">\n\t\t\t\t<div class=\"elementor-widget-container\">\n\t\t\t\t\t\t\t\t\t\t\t<div class=\"service\">\n\t\t\t\t\t\t\t\t\t\t\t\t\t\t\t\t\t<img decoding=\"async\" alt=\"Asesor\u00eda T\u00e9cnica y Soluciones Personalizadas\" src=\"https:\/\/juanjoalonso.es\/wp-content\/uploads\/2019\/09\/service-02-1.svg\">\n\t\t\t\t\t\t\t\t\t\t\t\t\t\t\t\t\t\t\t\t\t\t\t\t\t\t<h4>Asesor\u00eda T\u00e9cnica y Soluciones Personalizadas<\/h4>\n\t\t\t\t\t\t\t\t\t\t\t\t\t\t\t\t\t\t\t\t\t\t\t\t\t\t<p>Te ayudo a elegir las mejores soluciones inform\u00e1ticas, asesor\u00e1ndote en todo momento para que tomes decisiones que impulsen tu negocio.<\/p>\n\t\t\t\t\t\t\t\t\t\t\t\t\t\t\t<\/div> <!-- .service -->\n\t\t\t\t\t\t\t\t\t<\/div>\n\t\t\t\t<\/div>\n\t\t\t\t\t<\/div>\n\t\t<\/div>\n\t\t\t\t<div class=\"elementor-column elementor-col-25 elementor-top-column elementor-element elementor-element-7807d3cb\" data-id=\"7807d3cb\" data-element_type=\"column\" data-e-type=\"column\">\n\t\t\t<div class=\"elementor-widget-wrap elementor-element-populated\">\n\t\t\t\t\t\t<div class=\"elementor-element elementor-element-2afbf419 elementor-widget elementor-widget-wp-widget-pixelwars_core_widget__service\" data-id=\"2afbf419\" data-element_type=\"widget\" data-e-type=\"widget\" data-widget_type=\"wp-widget-pixelwars_core_widget__service.default\">\n\t\t\t\t<div class=\"elementor-widget-container\">\n\t\t\t\t\t\t\t\t\t\t\t<div class=\"service\">\n\t\t\t\t\t\t\t\t\t\t\t\t\t\t\t\t\t<img decoding=\"async\" alt=\"Soporte T\u00e9cnico Online y Presencial\" src=\"https:\/\/juanjoalonso.es\/wp-content\/uploads\/2019\/09\/service-04-1.svg\">\n\t\t\t\t\t\t\t\t\t\t\t\t\t\t\t\t\t\t\t\t\t\t\t\t\t\t<h4>Soporte T\u00e9cnico Online y Presencial<\/h4>\n\t\t\t\t\t\t\t\t\t\t\t\t\t\t\t\t\t\t\t\t\t\t\t\t\t\t<p>Desde la resoluci\u00f3n de problemas urgentes hasta el soporte t\u00e9cnico a distancia, ofrezco una respuesta r\u00e1pida y profesional siempre que lo necesites.<\/p>\n\t\t\t\t\t\t\t\t\t\t\t\t\t\t\t<\/div> <!-- .service -->\n\t\t\t\t\t\t\t\t\t<\/div>\n\t\t\t\t<\/div>\n\t\t\t\t\t<\/div>\n\t\t<\/div>\n\t\t\t\t\t<\/div>\n\t\t<\/section>\n\t\t\t\t<section class=\"elementor-section elementor-top-section elementor-element elementor-element-3c89d1a6 elementor-section-boxed elementor-section-height-default elementor-section-height-default\" data-id=\"3c89d1a6\" data-element_type=\"section\" data-e-type=\"section\">\n\t\t\t\t\t\t<div class=\"elementor-container elementor-column-gap-default\">\n\t\t\t\t\t<div class=\"elementor-column elementor-col-100 elementor-top-column elementor-element elementor-element-2fb400e0\" data-id=\"2fb400e0\" data-element_type=\"column\" data-e-type=\"column\">\n\t\t\t<div class=\"elementor-widget-wrap elementor-element-populated\">\n\t\t\t\t\t\t<div class=\"elementor-element elementor-element-f781e42 elementor-widget elementor-widget-wp-widget-pixelwars_core_widget__section_title\" data-id=\"f781e42\" data-element_type=\"widget\" data-e-type=\"widget\" data-widget_type=\"wp-widget-pixelwars_core_widget__section_title.default\">\n\t\t\t\t<div class=\"elementor-widget-container\">\n\t\t\t\t\t\t\t\t\t\t\t<div class=\"section-title center\">    \n\t\t\t\t\t\t\t<h2>\n\t\t\t\t\t\t\t\t<i>Proceso de Trabajo<\/i>\n\t\t\t\t\t\t\t<\/h2>\n\t\t\t\t\t\t<\/div> <!-- .section-title -->\n\t\t\t\t\t\t\t\t\t<\/div>\n\t\t\t\t<\/div>\n\t\t\t\t\t<\/div>\n\t\t<\/div>\n\t\t\t\t\t<\/div>\n\t\t<\/section>\n\t\t\t\t<section class=\"elementor-section elementor-top-section elementor-element elementor-element-45150441 elementor-section-boxed elementor-section-height-default elementor-section-height-default\" data-id=\"45150441\" data-element_type=\"section\" data-e-type=\"section\">\n\t\t\t\t\t\t<div class=\"elementor-container elementor-column-gap-default\">\n\t\t\t\t\t<div class=\"elementor-column elementor-col-16 elementor-top-column elementor-element elementor-element-437793c1\" data-id=\"437793c1\" data-element_type=\"column\" data-e-type=\"column\">\n\t\t\t<div class=\"elementor-widget-wrap elementor-element-populated\">\n\t\t\t\t\t\t<div class=\"elementor-element elementor-element-57ba1728 elementor-widget elementor-widget-wp-widget-pixelwars_core_widget__process\" data-id=\"57ba1728\" data-element_type=\"widget\" data-e-type=\"widget\" data-widget_type=\"wp-widget-pixelwars_core_widget__process.default\">\n\t\t\t\t<div class=\"elementor-widget-container\">\n\t\t\t\t\t\t\t\t\t\t\t<div class=\"process\">\n\t\t\t\t\t\t\t\t\t\t\t\t\t\t\t\t\t<img decoding=\"async\" alt=\"Toma de contacto\" src=\"https:\/\/juanjoalonso.es\/wp-content\/uploads\/2019\/09\/process-01-1.svg\">\n\t\t\t\t\t\t\t\t\t\t\t\t\t\t\t\t\t\t\t\t\t\t\t\t\t\t<h4>Toma de contacto<\/h4>\n\t\t\t\t\t\t\t\t\t\t\t\t\t\t\t<\/div> <!-- .process -->\n\t\t\t\t\t\t\t\t\t<\/div>\n\t\t\t\t<\/div>\n\t\t\t\t\t<\/div>\n\t\t<\/div>\n\t\t\t\t<div class=\"elementor-column elementor-col-16 elementor-top-column elementor-element elementor-element-290bbec8\" data-id=\"290bbec8\" data-element_type=\"column\" data-e-type=\"column\">\n\t\t\t<div class=\"elementor-widget-wrap elementor-element-populated\">\n\t\t\t\t\t\t<div class=\"elementor-element elementor-element-6947a2f elementor-widget elementor-widget-wp-widget-pixelwars_core_widget__process\" data-id=\"6947a2f\" data-element_type=\"widget\" data-e-type=\"widget\" data-widget_type=\"wp-widget-pixelwars_core_widget__process.default\">\n\t\t\t\t<div class=\"elementor-widget-container\">\n\t\t\t\t\t\t\t\t\t\t\t<div class=\"process\">\n\t\t\t\t\t\t\t\t\t\t\t\t\t\t\t\t\t<img decoding=\"async\" alt=\"Necesidades aclaradas\" src=\"https:\/\/juanjoalonso.es\/wp-content\/uploads\/2019\/09\/process-02-1.svg\">\n\t\t\t\t\t\t\t\t\t\t\t\t\t\t\t\t\t\t\t\t\t\t\t\t\t\t<h4>Necesidades aclaradas<\/h4>\n\t\t\t\t\t\t\t\t\t\t\t\t\t\t\t<\/div> <!-- .process -->\n\t\t\t\t\t\t\t\t\t<\/div>\n\t\t\t\t<\/div>\n\t\t\t\t\t<\/div>\n\t\t<\/div>\n\t\t\t\t<div class=\"elementor-column elementor-col-16 elementor-top-column elementor-element elementor-element-43fca67a\" data-id=\"43fca67a\" data-element_type=\"column\" data-e-type=\"column\">\n\t\t\t<div class=\"elementor-widget-wrap elementor-element-populated\">\n\t\t\t\t\t\t<div class=\"elementor-element elementor-element-14b02bba elementor-widget elementor-widget-wp-widget-pixelwars_core_widget__process\" data-id=\"14b02bba\" data-element_type=\"widget\" data-e-type=\"widget\" data-widget_type=\"wp-widget-pixelwars_core_widget__process.default\">\n\t\t\t\t<div class=\"elementor-widget-container\">\n\t\t\t\t\t\t\t\t\t\t\t<div class=\"process\">\n\t\t\t\t\t\t\t\t\t\t\t\t\t\t\t\t\t<img decoding=\"async\" alt=\"Dise\u00f1o del plan\" src=\"https:\/\/juanjoalonso.es\/wp-content\/uploads\/2019\/09\/process-03-1.svg\">\n\t\t\t\t\t\t\t\t\t\t\t\t\t\t\t\t\t\t\t\t\t\t\t\t\t\t<h4>Dise\u00f1o del plan<\/h4>\n\t\t\t\t\t\t\t\t\t\t\t\t\t\t\t<\/div> <!-- .process -->\n\t\t\t\t\t\t\t\t\t<\/div>\n\t\t\t\t<\/div>\n\t\t\t\t\t<\/div>\n\t\t<\/div>\n\t\t\t\t<div class=\"elementor-column elementor-col-16 elementor-top-column elementor-element elementor-element-36e03e3c\" data-id=\"36e03e3c\" data-element_type=\"column\" data-e-type=\"column\">\n\t\t\t<div class=\"elementor-widget-wrap elementor-element-populated\">\n\t\t\t\t\t\t<div class=\"elementor-element elementor-element-29806d7a elementor-widget elementor-widget-wp-widget-pixelwars_core_widget__process\" data-id=\"29806d7a\" data-element_type=\"widget\" data-e-type=\"widget\" data-widget_type=\"wp-widget-pixelwars_core_widget__process.default\">\n\t\t\t\t<div class=\"elementor-widget-container\">\n\t\t\t\t\t\t\t\t\t\t\t<div class=\"process\">\n\t\t\t\t\t\t\t\t\t\t\t\t\t\t\t\t\t<img decoding=\"async\" alt=\"Desarrollo del plan\" src=\"https:\/\/juanjoalonso.es\/wp-content\/uploads\/2019\/09\/process-04-1.svg\">\n\t\t\t\t\t\t\t\t\t\t\t\t\t\t\t\t\t\t\t\t\t\t\t\t\t\t<h4>Desarrollo del plan<\/h4>\n\t\t\t\t\t\t\t\t\t\t\t\t\t\t\t<\/div> <!-- .process -->\n\t\t\t\t\t\t\t\t\t<\/div>\n\t\t\t\t<\/div>\n\t\t\t\t\t<\/div>\n\t\t<\/div>\n\t\t\t\t<div class=\"elementor-column elementor-col-16 elementor-top-column elementor-element elementor-element-3d4cca80\" data-id=\"3d4cca80\" data-element_type=\"column\" data-e-type=\"column\">\n\t\t\t<div class=\"elementor-widget-wrap elementor-element-populated\">\n\t\t\t\t\t\t<div class=\"elementor-element elementor-element-48000ea8 elementor-widget elementor-widget-wp-widget-pixelwars_core_widget__process\" data-id=\"48000ea8\" data-element_type=\"widget\" data-e-type=\"widget\" data-widget_type=\"wp-widget-pixelwars_core_widget__process.default\">\n\t\t\t\t<div class=\"elementor-widget-container\">\n\t\t\t\t\t\t\t\t\t\t\t<div class=\"process\">\n\t\t\t\t\t\t\t\t\t\t\t\t\t\t\t\t\t<img decoding=\"async\" alt=\"Aplicaci\u00f3n\" src=\"https:\/\/juanjoalonso.es\/wp-content\/uploads\/2019\/09\/process-05-1.svg\">\n\t\t\t\t\t\t\t\t\t\t\t\t\t\t\t\t\t\t\t\t\t\t\t\t\t\t<h4>Aplicaci\u00f3n<\/h4>\n\t\t\t\t\t\t\t\t\t\t\t\t\t\t\t<\/div> <!-- .process -->\n\t\t\t\t\t\t\t\t\t<\/div>\n\t\t\t\t<\/div>\n\t\t\t\t\t<\/div>\n\t\t<\/div>\n\t\t\t\t<div class=\"elementor-column elementor-col-16 elementor-top-column elementor-element elementor-element-513e02bf\" data-id=\"513e02bf\" data-element_type=\"column\" data-e-type=\"column\">\n\t\t\t<div class=\"elementor-widget-wrap elementor-element-populated\">\n\t\t\t\t\t\t<div class=\"elementor-element elementor-element-1b3e121b elementor-widget elementor-widget-wp-widget-pixelwars_core_widget__process\" data-id=\"1b3e121b\" data-element_type=\"widget\" data-e-type=\"widget\" data-widget_type=\"wp-widget-pixelwars_core_widget__process.default\">\n\t\t\t\t<div class=\"elementor-widget-container\">\n\t\t\t\t\t\t\t\t\t\t\t<div class=\"process\">\n\t\t\t\t\t\t\t\t\t\t\t\t\t\t\t\t\t<img decoding=\"async\" alt=\"Puesta en marcha\" src=\"https:\/\/juanjoalonso.es\/wp-content\/uploads\/2019\/09\/process-06-1.svg\">\n\t\t\t\t\t\t\t\t\t\t\t\t\t\t\t\t\t\t\t\t\t\t\t\t\t\t<h4>Puesta en marcha<\/h4>\n\t\t\t\t\t\t\t\t\t\t\t\t\t\t\t<\/div> <!-- .process -->\n\t\t\t\t\t\t\t\t\t<\/div>\n\t\t\t\t<\/div>\n\t\t\t\t\t<\/div>\n\t\t<\/div>\n\t\t\t\t\t<\/div>\n\t\t<\/section>\n\t\t\t\t<\/div>\n\t\t","protected":false},"excerpt":{"rendered":"<p>Desde peque\u00f1o, la inform\u00e1tica ha sido mi pasi\u00f3n. Empec\u00e9 de forma autodidacta y m\u00e1s tarde me form\u00e9 en un Ciclo Superior en Inform\u00e1tica y Telecomunicaciones, que termin\u00e9 en 2010. Durante cinco a\u00f1os gestion\u00e9 mi propia tienda inform\u00e1tica, experiencia que me permiti\u00f3 entender las necesidades reales de los clientes. Posteriormente, me sumerg\u00ed en el sector de&#8230; <\/p>\n<p class=\"more\"><a class=\"more-link\" href=\"https:\/\/juanjoalonso.es\/?page_id=19\">Read More<\/a><\/p>\n","protected":false},"author":1,"featured_media":0,"parent":0,"menu_order":0,"comment_status":"closed","ping_status":"closed","template":"","meta":{"inline_featured_image":false,"footnotes":""},"class_list":["post-19","page","type-page","status-publish","hentry"],"_links":{"self":[{"href":"https:\/\/juanjoalonso.es\/index.php?rest_route=\/wp\/v2\/pages\/19","targetHints":{"allow":["GET"]}}],"collection":[{"href":"https:\/\/juanjoalonso.es\/index.php?rest_route=\/wp\/v2\/pages"}],"about":[{"href":"https:\/\/juanjoalonso.es\/index.php?rest_route=\/wp\/v2\/types\/page"}],"author":[{"embeddable":true,"href":"https:\/\/juanjoalonso.es\/index.php?rest_route=\/wp\/v2\/users\/1"}],"replies":[{"embeddable":true,"href":"https:\/\/juanjoalonso.es\/index.php?rest_route=%2Fwp%2Fv2%2Fcomments&post=19"}],"version-history":[{"count":8,"href":"https:\/\/juanjoalonso.es\/index.php?rest_route=\/wp\/v2\/pages\/19\/revisions"}],"predecessor-version":[{"id":435,"href":"https:\/\/juanjoalonso.es\/index.php?rest_route=\/wp\/v2\/pages\/19\/revisions\/435"}],"wp:attachment":[{"href":"https:\/\/juanjoalonso.es\/index.php?rest_route=%2Fwp%2Fv2%2Fmedia&parent=19"}],"curies":[{"name":"wp","href":"https:\/\/api.w.org\/{rel}","templated":true}]}}