{"id":24,"date":"2019-08-29T16:38:27","date_gmt":"2019-08-29T16:38:27","guid":{"rendered":"https:\/\/themes.pixelwars.org\/ikonik\/demo-01\/?page_id=24"},"modified":"2024-11-21T18:22:59","modified_gmt":"2024-11-21T17:22:59","slug":"resume","status":"publish","type":"page","link":"https:\/\/juanjoalonso.es\/?page_id=24","title":{"rendered":"Curriculum"},"content":{"rendered":"\t\t<div data-elementor-type=\"wp-page\" data-elementor-id=\"24\" class=\"elementor elementor-24\" data-elementor-post-type=\"page\">\n\t\t\t\t\t\t<section class=\"elementor-section elementor-top-section elementor-element elementor-element-17759e44 elementor-section-boxed elementor-section-height-default elementor-section-height-default\" data-id=\"17759e44\" data-element_type=\"section\" data-e-type=\"section\">\n\t\t\t\t\t\t<div class=\"elementor-container elementor-column-gap-default\">\n\t\t\t\t\t<div class=\"elementor-column elementor-col-50 elementor-top-column elementor-element elementor-element-79e760d4\" data-id=\"79e760d4\" data-element_type=\"column\" data-e-type=\"column\">\n\t\t\t<div class=\"elementor-widget-wrap elementor-element-populated\">\n\t\t\t\t\t\t<div class=\"elementor-element elementor-element-79e20538 elementor-widget elementor-widget-wp-widget-pixelwars_core_widget__timeline_title\" data-id=\"79e20538\" data-element_type=\"widget\" data-e-type=\"widget\" data-widget_type=\"wp-widget-pixelwars_core_widget__timeline_title.default\">\n\t\t\t\t<div class=\"elementor-widget-container\">\n\t\t\t\t\t\t\t\t\t\t\t<div class=\"event\">\n\t\t\t\t\t\t\t<h2>Mi vida<\/h2>\n\t\t\t\t\t\t\t\t\t\t\t\t\t\t\t\t\t<p>\n\t\t\t\t\t\t\t\t\t\t\t<i class=\"pw-icon-badge\"><\/i>\n\t\t\t\t\t\t\t\t\t\t<\/p>\n\t\t\t\t\t\t\t\t\t\t\t\t\t\t\t<\/div> <!-- .event -->\n\t\t\t\t\t\t\t\t\t<\/div>\n\t\t\t\t<\/div>\n\t\t\t\t<div class=\"elementor-element elementor-element-6e437246 elementor-widget elementor-widget-wp-widget-pixelwars_core_widget__timeline_event\" data-id=\"6e437246\" data-element_type=\"widget\" data-e-type=\"widget\" data-widget_type=\"wp-widget-pixelwars_core_widget__timeline_event.default\">\n\t\t\t\t<div class=\"elementor-widget-container\">\n\t\t\t\t\t\t\t\t\t\t\t<div class=\"event\">\n\t\t\t\t\t\t\t\t\t\t\t\t\t\t\t\t\t<h3>Enero 2018 - Junio 2024<\/h3>\n\t\t\t\t\t\t\t\t\t\t\t\t\t\t\t\t\t\t\t\t\t\t\t\t\t\t<h4>Grupo M\u00e1sM\u00f3vil<\/h4>\n\t\t\t\t\t\t\t\t\t\t\t\t\t\t\t\t\t\t\t\t\t\t\t\t\t\t<h5>Responsable de Despliegues y Mantenimiento de Red<\/h5>\n\t\t\t\t\t\t\t\t\t\t\t\t\t\t\t\t\t\t\t\t\t\t\t\t\t\t<p>Coordinaci\u00f3n del despliegue de redes en Lugo y A Coru\u00f1a, cubriendo el 80% de las grandes poblaciones.\r\nSupervisi\u00f3n de contratas, gesti\u00f3n de materiales y configuraci\u00f3n de equipos de red.<\/p>\n\t\t\t\t\t\t\t\t\t\t\t\t\t\t\t<\/div> <!-- .event -->\n\t\t\t\t\t\t\t\t\t<\/div>\n\t\t\t\t<\/div>\n\t\t\t\t<div class=\"elementor-element elementor-element-49ac7755 elementor-widget elementor-widget-wp-widget-pixelwars_core_widget__timeline_event\" data-id=\"49ac7755\" data-element_type=\"widget\" data-e-type=\"widget\" data-widget_type=\"wp-widget-pixelwars_core_widget__timeline_event.default\">\n\t\t\t\t<div class=\"elementor-widget-container\">\n\t\t\t\t\t\t\t\t\t\t\t<div class=\"event\">\n\t\t\t\t\t\t\t\t\t\t\t\t\t\t\t\t\t<h3>Septiembre 2013 - Enero 2018<\/h3>\n\t\t\t\t\t\t\t\t\t\t\t\t\t\t\t\t\t\t\t\t\t\t\t\t\t\t<h4>Sicloud Inform\u00e1tica y Telecomunicaciones S.L.<\/h4>\n\t\t\t\t\t\t\t\t\t\t\t\t\t\t\t\t\t\t\t\t\t\t\t\t\t\t<h5>Responsable del Departamento T\u00e9cnico<\/h5>\n\t\t\t\t\t\t\t\t\t\t\t\t\t\t\t\t\t\t\t\t\t\t\t\t\t\t<p>Desarrollo y mantenimiento de redes cableadas e inal\u00e1mbricas.\r\nInstalaci\u00f3n y migraci\u00f3n de servidores virtuales.<\/p>\n\t\t\t\t\t\t\t\t\t\t\t\t\t\t\t<\/div> <!-- .event -->\n\t\t\t\t\t\t\t\t\t<\/div>\n\t\t\t\t<\/div>\n\t\t\t\t<div class=\"elementor-element elementor-element-15e8a03b elementor-widget elementor-widget-wp-widget-pixelwars_core_widget__timeline_event\" data-id=\"15e8a03b\" data-element_type=\"widget\" data-e-type=\"widget\" data-widget_type=\"wp-widget-pixelwars_core_widget__timeline_event.default\">\n\t\t\t\t<div class=\"elementor-widget-container\">\n\t\t\t\t\t\t\t\t\t\t\t<div class=\"event\">\n\t\t\t\t\t\t\t\t\t\t\t\t\t\t\t\t\t<h3>Julio 2012 - Septiembre 2013<\/h3>\n\t\t\t\t\t\t\t\t\t\t\t\t\t\t\t\t\t\t\t\t\t\t\t\t\t\t<h4>Digamel S.A.<\/h4>\n\t\t\t\t\t\t\t\t\t\t\t\t\t\t\t\t\t\t\t\t\t\t\t\t\t\t<h5>Encargado de Producci\u00f3n<\/h5>\n\t\t\t\t\t\t\t\t\t\t\t\t\t\t\t\t\t\t\t\t\t\t\t\t\t\t<p>Control de calidad y fabricaci\u00f3n de equipos de fibra \u00f3ptica.<\/p>\n\t\t\t\t\t\t\t\t\t\t\t\t\t\t\t<\/div> <!-- .event -->\n\t\t\t\t\t\t\t\t\t<\/div>\n\t\t\t\t<\/div>\n\t\t\t\t<div class=\"elementor-element elementor-element-5defbbb5 elementor-widget elementor-widget-wp-widget-pixelwars_core_widget__timeline_title\" data-id=\"5defbbb5\" data-element_type=\"widget\" data-e-type=\"widget\" data-widget_type=\"wp-widget-pixelwars_core_widget__timeline_title.default\">\n\t\t\t\t<div class=\"elementor-widget-container\">\n\t\t\t\t\t\t\t\t\t\t\t<div class=\"event\">\n\t\t\t\t\t\t\t<h2>Educaci\u00f3n<\/h2>\n\t\t\t\t\t\t\t\t\t\t\t\t\t\t\t\t\t<p>\n\t\t\t\t\t\t\t\t\t\t\t<i class=\"pw-icon-education\"><\/i>\n\t\t\t\t\t\t\t\t\t\t<\/p>\n\t\t\t\t\t\t\t\t\t\t\t\t\t\t\t<\/div> <!-- .event -->\n\t\t\t\t\t\t\t\t\t<\/div>\n\t\t\t\t<\/div>\n\t\t\t\t<div class=\"elementor-element elementor-element-3d8d4dc2 elementor-widget elementor-widget-wp-widget-pixelwars_core_widget__timeline_event\" data-id=\"3d8d4dc2\" data-element_type=\"widget\" data-e-type=\"widget\" data-widget_type=\"wp-widget-pixelwars_core_widget__timeline_event.default\">\n\t\t\t\t<div class=\"elementor-widget-container\">\n\t\t\t\t\t\t\t\t\t\t\t<div class=\"event\">\n\t\t\t\t\t\t\t\t\t\t\t\t\t\t\t\t\t<h3>2008 - 2010<\/h3>\n\t\t\t\t\t\t\t\t\t\t\t\t\t\t\t\t\t\t\t\t\t\t\t\t\t\t<h4>Ciclo Superior en Inform\u00e1tica y Telecomunicaciones<\/h4>\n\t\t\t\t\t\t\t\t\t\t\t\t\t\t\t\t\t\t\t\t\t\t\t\t\t\t<h5>IES Polit\u00e9cnico<\/h5>\n\t\t\t\t\t\t\t\t\t\t\t\t\t\t\t\t\t\t\t\t\t\t\t\t\t\t<p>\r\nEspecializaci\u00f3n en redes y sistemas de telecomunicaci\u00f3n.<\/p>\n\t\t\t\t\t\t\t\t\t\t\t\t\t\t\t<\/div> <!-- .event -->\n\t\t\t\t\t\t\t\t\t<\/div>\n\t\t\t\t<\/div>\n\t\t\t\t<div class=\"elementor-element elementor-element-58d289e8 elementor-widget elementor-widget-wp-widget-pixelwars_core_widget__timeline_event\" data-id=\"58d289e8\" data-element_type=\"widget\" data-e-type=\"widget\" data-widget_type=\"wp-widget-pixelwars_core_widget__timeline_event.default\">\n\t\t\t\t<div class=\"elementor-widget-container\">\n\t\t\t\t\t\t\t\t\t\t\t<div class=\"event\">\n\t\t\t\t\t\t\t\t\t\t\t\t\t\t\t\t\t<h3>2011 - 2012<\/h3>\n\t\t\t\t\t\t\t\t\t\t\t\t\t\t\t\t\t\t\t\t\t\t\t\t\t\t<h4>Redes y Servidores<\/h4>\n\t\t\t\t\t\t\t\t\t\t\t\t\t\t\t\t\t\t\t\t\t\t\t\t\t\t<h5>Centro de Nuevas Tecnolog\u00edas de Galicia<\/h5>\n\t\t\t\t\t\t\t\t\t\t\t\t\t\t\t\t\t\t\t\t\t\t\t\t\t\t<p>Microsoft MCITP Windows Server\r\n2012\r\n\r\nGesti\u00f3n de dominios y seguridad en sistemas.\r\nCCNA Wi-Fi CISCO\r\n\r\nAdministraci\u00f3n y configuraci\u00f3n de redes Wi-Fi.<\/p>\n\t\t\t\t\t\t\t\t\t\t\t\t\t\t\t<\/div> <!-- .event -->\n\t\t\t\t\t\t\t\t\t<\/div>\n\t\t\t\t<\/div>\n\t\t\t\t\t<\/div>\n\t\t<\/div>\n\t\t\t\t<div class=\"elementor-column elementor-col-50 elementor-top-column elementor-element elementor-element-11f45a77\" data-id=\"11f45a77\" data-element_type=\"column\" data-e-type=\"column\">\n\t\t\t<div class=\"elementor-widget-wrap elementor-element-populated\">\n\t\t\t\t\t\t<div class=\"elementor-element elementor-element-4e2d7bf6 elementor-widget elementor-widget-wp-widget-pixelwars_core_widget__progress_bar\" data-id=\"4e2d7bf6\" data-element_type=\"widget\" data-e-type=\"widget\" data-widget_type=\"wp-widget-pixelwars_core_widget__progress_bar.default\">\n\t\t\t\t<div class=\"elementor-widget-container\">\n\t\t\t\t\t\t\t\t\t\t\t<div class=\"skill-unit\">\n\t\t\t\t\t\t\t\t\t\t\t\t\t\t\t\t\t<h4>Intereses y otros campos<\/h4>\n\t\t\t\t\t\t\t\t\t\t\t\t\t\t\t\t\t\t\t\t\t\t\t\t\t\t<div class=\"bar\" data-percent=\"90\">\n\t\t\t\t\t\t\t\t\t\t\t<div class=\"progress\"><\/div> <!-- .progress -->\n\t\t\t\t\t\t\t\t\t\t<\/div> <!-- .bar -->\n\t\t\t\t\t\t\t\t\t\t\t\t\t\t\t<\/div> <!-- .skill-unit -->\n\t\t\t\t\t\t\t\t\t<\/div>\n\t\t\t\t<\/div>\n\t\t\t\t<div class=\"elementor-element elementor-element-addb735 elementor-widget elementor-widget-wp-widget-pixelwars_core_widget__timeline_event\" data-id=\"addb735\" data-element_type=\"widget\" data-e-type=\"widget\" data-widget_type=\"wp-widget-pixelwars_core_widget__timeline_event.default\">\n\t\t\t\t<div class=\"elementor-widget-container\">\n\t\t\t\t\t\t\t\t\t\t\t<div class=\"event\">\n\t\t\t\t\t\t\t\t\t\t\t\t\t\t\t\t\t<h3>1988<\/h3>\n\t\t\t\t\t\t\t\t\t\t\t\t\t\t\t\t\t\t\t\t\t\t\t\t\t\t\t\t\t\t\t\t\t\t\t\t\t\t\t\t<p>Exploraci\u00f3n Tecnol\u00f3gica: Constantemente aprendo nuevas tecnolog\u00edas y herramientas para mejorar mis habilidades en el \u00e1mbito profesional y personal.<\/p>\n\t\t\t\t\t\t\t\t\t\t\t\t\t\t\t<\/div> <!-- .event -->\n\t\t\t\t\t\t\t\t\t<\/div>\n\t\t\t\t<\/div>\n\t\t\t\t<div class=\"elementor-element elementor-element-2fde85b5 elementor-widget elementor-widget-wp-widget-pixelwars_core_widget__timeline_event\" data-id=\"2fde85b5\" data-element_type=\"widget\" data-e-type=\"widget\" data-widget_type=\"wp-widget-pixelwars_core_widget__timeline_event.default\">\n\t\t\t\t<div class=\"elementor-widget-container\">\n\t\t\t\t\t\t\t\t\t\t\t<div class=\"event\">\n\t\t\t\t\t\t\t\t\t\t\t\t\t\t\t\t\t<h3>2010<\/h3>\n\t\t\t\t\t\t\t\t\t\t\t\t\t\t\t\t\t\t\t\t\t\t\t\t\t\t\t\t\t\t\t\t\t\t\t\t\t\t\t\t<p>Coches y Motor: Apasionado del mundo del motor, disfruto restaurando, modificando y creando contenido relacionado con coches, combinando t\u00e9cnica y creatividad.\r\n<\/p>\n\t\t\t\t\t\t\t\t\t\t\t\t\t\t\t<\/div> <!-- .event -->\n\t\t\t\t\t\t\t\t\t<\/div>\n\t\t\t\t<\/div>\n\t\t\t\t<div class=\"elementor-element elementor-element-c9a8fec elementor-widget elementor-widget-wp-widget-pixelwars_core_widget__timeline_event\" data-id=\"c9a8fec\" data-element_type=\"widget\" data-e-type=\"widget\" data-widget_type=\"wp-widget-pixelwars_core_widget__timeline_event.default\">\n\t\t\t\t<div class=\"elementor-widget-container\">\n\t\t\t\t\t\t\t\t\t\t\t<div class=\"event\">\n\t\t\t\t\t\t\t\t\t\t\t\t\t\t\t\t\t<h3>2015<\/h3>\n\t\t\t\t\t\t\t\t\t\t\t\t\t\t\t\t\t\t\t\t\t\t\t\t\t\t\t\t\t\t\t\t\t\t\t\t\t\t\t\t<p>Creaci\u00f3n de Contenido: Produzco videos motivacionales y t\u00e9cnicos en plataformas como Instagram y YouTube, enfoc\u00e1ndome en tecnolog\u00eda y automoci\u00f3n.<\/p>\n\t\t\t\t\t\t\t\t\t\t\t\t\t\t\t<\/div> <!-- .event -->\n\t\t\t\t\t\t\t\t\t<\/div>\n\t\t\t\t<\/div>\n\t\t\t\t<div class=\"elementor-element elementor-element-1d8aa41 elementor-widget elementor-widget-wp-widget-pixelwars_core_widget__timeline_event\" data-id=\"1d8aa41\" data-element_type=\"widget\" data-e-type=\"widget\" data-widget_type=\"wp-widget-pixelwars_core_widget__timeline_event.default\">\n\t\t\t\t<div class=\"elementor-widget-container\">\n\t\t\t\t\t\t\t\t\t\t\t<div class=\"event\">\n\t\t\t\t\t\t\t\t\t\t\t\t\t\t\t\t\t<h3>2016<\/h3>\n\t\t\t\t\t\t\t\t\t\t\t\t\t\t\t\t\t\t\t\t\t\t\t\t\t\t\t\t\t\t\t\t\t\t\t\t\t\t\t\t<p>\r\nFotograf\u00eda y Video: Captura y edici\u00f3n de momentos cinematogr\u00e1ficos, especialmente en entornos naturales y eventos relacionados con el motor.\r\n\r\n<\/p>\n\t\t\t\t\t\t\t\t\t\t\t\t\t\t\t<\/div> <!-- .event -->\n\t\t\t\t\t\t\t\t\t<\/div>\n\t\t\t\t<\/div>\n\t\t\t\t\t<\/div>\n\t\t<\/div>\n\t\t\t\t\t<\/div>\n\t\t<\/section>\n\t\t\t\t<\/div>\n\t\t","protected":false},"excerpt":{"rendered":"","protected":false},"author":1,"featured_media":0,"parent":0,"menu_order":0,"comment_status":"closed","ping_status":"closed","template":"","meta":{"inline_featured_image":false,"footnotes":""},"class_list":["post-24","page","type-page","status-publish","hentry"],"_links":{"self":[{"href":"https:\/\/juanjoalonso.es\/index.php?rest_route=\/wp\/v2\/pages\/24","targetHints":{"allow":["GET"]}}],"collection":[{"href":"https:\/\/juanjoalonso.es\/index.php?rest_route=\/wp\/v2\/pages"}],"about":[{"href":"https:\/\/juanjoalonso.es\/index.php?rest_route=\/wp\/v2\/types\/page"}],"author":[{"embeddable":true,"href":"https:\/\/juanjoalonso.es\/index.php?rest_route=\/wp\/v2\/users\/1"}],"replies":[{"embeddable":true,"href":"https:\/\/juanjoalonso.es\/index.php?rest_route=%2Fwp%2Fv2%2Fcomments&post=24"}],"version-history":[{"count":8,"href":"https:\/\/juanjoalonso.es\/index.php?rest_route=\/wp\/v2\/pages\/24\/revisions"}],"predecessor-version":[{"id":454,"href":"https:\/\/juanjoalonso.es\/index.php?rest_route=\/wp\/v2\/pages\/24\/revisions\/454"}],"wp:attachment":[{"href":"https:\/\/juanjoalonso.es\/index.php?rest_route=%2Fwp%2Fv2%2Fmedia&parent=24"}],"curies":[{"name":"wp","href":"https:\/\/api.w.org\/{rel}","templated":true}]}}